{"id":3704,"date":"2020-07-26T10:12:29","date_gmt":"2020-07-26T10:12:29","guid":{"rendered":"https:\/\/inofinstitut.com\/financiacion-tratamientos-oftalmologicos\/"},"modified":"2022-07-17T18:10:08","modified_gmt":"2022-07-17T18:10:08","slug":"financament-tractaments-oftalmologics","status":"publish","type":"page","link":"https:\/\/inofinstitut.com\/ca\/financament-tractaments-oftalmologics\/","title":{"rendered":"Finan\u00e7ament tractaments oftalmol\u00f2gics"},"content":{"rendered":"<div class=\"wpb-content-wrapper\">[vc_row full_width=&#8221;stretch_row&#8221; content_placement=&#8221;middle&#8221; parallax=&#8221;content-moving&#8221; css=&#8221;.vc_custom_1595878153662{background-image: url(https:\/\/inofinstitut.com\/wp-content\/uploads\/2020\/07\/tratamientos-financiados-centro-inof.jpg?id=3672) !important;background-position: center;background-repeat: no-repeat !important;background-size: cover !important;}&#8221; min_height=&#8221;400&#8243; visibility=&#8221;hidden-phone&#8221;][vc_column width=&#8221;1\/4&#8243;][\/vc_column][vc_column width=&#8221;3\/4&#8243;][vc_empty_space height=&#8221;40px&#8221;]<style>.vcex-heading.vcex_69e20ca79f740{color:#757575;font-size:60px;font-family:'Titillium Web';font-weight:600;}<\/style><div class=\"vcex-heading vcex-heading-plain vcex-module wpex-heading wpex-text-2xl wpex-text-right vcex_69e20ca79f740\"><span class=\"vcex-heading-inner wpex-inline-block\">FINAN\u00c7AMENT<\/span><\/div>[vc_empty_space height=&#8221;20px&#8221;][vc_row_inner][vc_column_inner width=&#8221;1\/4&#8243;][\/vc_column_inner][vc_column_inner width=&#8221;3\/4&#8243;][vc_column_text font_size=&#8221;d:24|tl:21|tp:21|pl:18|pp:18&#8243; font_weight=&#8221;200&#8243; color=&#8221;#757575&#8243;]\n<p style=\"text-align: right;\"><span style=\"font-size: 24px; color: #333333;\">Volem posar la medicina a l&#8217;abast de tothom. Vetllem per la seva salut i, per aix\u00f2, li oferim les millors solucions.<\/span><\/p>\n[\/vc_column_text][\/vc_column_inner][\/vc_row_inner][\/vc_column][\/vc_row][vc_row full_width=&#8221;stretch_row&#8221; parallax=&#8221;content-moving&#8221; css=&#8221;.vc_custom_1510525812637{background-position: center;background-repeat: no-repeat;background-size: contain !important;}&#8221; min_height=&#8221;500&#8243; visibility=&#8221;visible-phone&#8221;][vc_column width=&#8221;1\/2&#8243;][vc_empty_space height=&#8221;20px&#8221;][vc_single_image image=&#8221;3673&#8243;][\/vc_column][vc_column width=&#8221;1\/2&#8243;]<style>.vcex-heading.vcex_69e20ca7a0bdf{color:#6b6b6b;font-size:40px;font-family:'Titillium Web';font-weight:200;}<\/style><div class=\"vcex-heading vcex-heading-plain vcex-module wpex-heading wpex-text-2xl wpex-text-center vcex_69e20ca7a0bdf\"><span class=\"vcex-heading-inner wpex-inline-block\">FINAN\u00c7AMENT<\/span><\/div>[vc_empty_space height=&#8221;20px&#8221;][vc_column_text]\n<p style=\"text-align: center;\"><span style=\"font-size: 24px; color: #333333;\">Volem posar la medicina a l&#8217;abast de tothom. Vetllem per la seva salut i, per aix\u00f2, li oferim les millors solucions.<\/span><\/p>\n[\/vc_column_text][\/vc_column][\/vc_row][vc_row visibility=&#8221;hidden-phone&#8221;][vc_column][vc_empty_space height=&#8221;60px&#8221;][vc_empty_space height=&#8221;20px&#8221;]<style>.vcex-heading.vcex_69e20ca7a139a{font-size:40px;}@media (max-width:1024px){.vcex-heading.vcex_69e20ca7a139a{font-size:40px;}}@media (max-width:959px){.vcex-heading.vcex_69e20ca7a139a{font-size:30px;}}@media (max-width:767px){.vcex-heading.vcex_69e20ca7a139a{font-size:24px;}}@media (max-width:479px){.vcex-heading.vcex_69e20ca7a139a{font-size:24px;}}<\/style><h2 class=\"vcex-heading vcex-heading-plain vcex-module wpex-heading wpex-text-2xl vcex_69e20ca7a139a\"><span class=\"vcex-heading-inner wpex-inline-block\">FINAN\u00c7AMENT PER A QUALSEVOL TIPUS DE TRACTAMENT I SERVEI<\/span><\/h2>[vc_column_text]\n<h3 style=\"text-align: left;\"><span style=\"font-size: 24px;\">Disposem d&#8217;una l\u00ednia de finan\u00e7ament amb TU MEDICINA FINANCIADA perqu\u00e8 tots els nostres clients puguin beneficiar-se de la possibilitat de pagament ajornat en qualsevol tractament o servei del centre.<\/span><\/h3>\n[\/vc_column_text][vc_empty_space height=&#8221;20px&#8221;][\/vc_column][\/vc_row][vc_row full_width=&#8221;stretch_row&#8221; visibility=&#8221;visible-phone&#8221; css=&#8221;.vc_custom_1595878791316{background-color: #eaeaea !important;}&#8221;][vc_column][vc_empty_space height=&#8221;40px&#8221;]<style>.vcex-heading.vcex_69e20ca7a19dc{font-size:40px;}@media (max-width:1024px){.vcex-heading.vcex_69e20ca7a19dc{font-size:40px;}}@media (max-width:959px){.vcex-heading.vcex_69e20ca7a19dc{font-size:30px;}}@media (max-width:767px){.vcex-heading.vcex_69e20ca7a19dc{font-size:24px;}}@media (max-width:479px){.vcex-heading.vcex_69e20ca7a19dc{font-size:24px;}}<\/style><h2 class=\"vcex-heading vcex-heading-plain vcex-module wpex-heading wpex-text-2xl wpex-text-center vcex_69e20ca7a19dc\"><span class=\"vcex-heading-inner wpex-inline-block\">FINAN\u00c7AMENT PER A QUALSEVOL TIPUS DE TRACTAMENT I SERVEI<\/span><\/h2>[vc_column_text]\n<h3 style=\"text-align: center;\"><span style=\"font-size: 18px;\">Disposem d&#8217;una l\u00ednia de finan\u00e7ament amb TU MEDICINA FINANCIADA perqu\u00e8 tots els nostres clients puguin beneficiar-se de la possibilitat de pagament ajornat en qualsevol tractament o servei del centre.<\/span><\/h3>\n[\/vc_column_text][\/vc_column][\/vc_row][vc_row full_width=&#8221;stretch_row_content&#8221; content_placement=&#8221;middle&#8221; column_spacing=&#8221;0px&#8221; css=&#8221;.vc_custom_1595878603134{background-image: url(https:\/\/inofinstitut.com\/wp-content\/uploads\/2020\/07\/ventajas-financiacion-inof.jpg?id=3663) !important;background-position: center !important;background-repeat: no-repeat !important;background-size: cover !important;}&#8221; min_height=&#8221;700px&#8221; visibility=&#8221;hidden-phone&#8221;][vc_column width=&#8221;1\/3&#8243;][\/vc_column][vc_column width=&#8221;1\/3&#8243;][\/vc_column][vc_column width=&#8221;1\/3&#8243; css=&#8221;.vc_custom_1595879566022{margin-right: 100px !important;padding-top: 20px !important;padding-right: 40px !important;padding-bottom: 40px !important;padding-left: 30px !important;background-color: #757575 !important;}&#8221;][vc_column_text]\n<h3><span class=\"white-text\">Avantatges<\/span><\/h3>\n<ul>\n<li><span class=\"white-text\" style=\"font-size: 21px;\">Finan\u00e7ament r\u00e0pida i segura.<\/span><\/li>\n<li><span class=\"white-text\" style=\"font-size: 21px;\">Poder pagar les despeses que no estan cobertes per l&#8217;asseguran\u00e7a m\u00e8dica.<\/span><\/li>\n<li><span class=\"white-text\" style=\"font-size: 21px;\">Tr\u00e0mit f\u00e0cil i \u00e0gil mitjan\u00e7ant formulari en l\u00ednia.<\/span><\/li>\n<li><span class=\"white-text\" style=\"font-size: 21px;\">Adaptat a les necessitats de cada pacient.<\/span><\/li>\n<li><span class=\"white-text\" style=\"font-size: 21px;\">Opcions de pagament flexibles.<\/span><\/li>\n<\/ul>\n[\/vc_column_text][\/vc_column][\/vc_row][vc_row full_width=&#8221;stretch_row_content&#8221; content_placement=&#8221;middle&#8221; column_spacing=&#8221;0px&#8221; css=&#8221;.vc_custom_1595878639464{background-position: center !important;background-repeat: no-repeat !important;background-size: cover !important;}&#8221; min_height=&#8221;700px&#8221; visibility=&#8221;visible-phone&#8221;][vc_column][vc_single_image image=&#8221;3664&#8243;]<div class=\"vcex-spacing wpex-w-100 wpex-clear\"><\/div>[vc_column_text css=&#8221;.vc_custom_1596133484387{padding-right: 20px !important;padding-left: 20px !important;}&#8221; color=&#8221;#5884ca&#8221;]<span style=\"font-size: 24px;\">Avantatges<\/span><\/p>\n<ul>\n<li>Poder pagar les despeses que no estan cobertes per l&#8217;asseguran\u00e7a m\u00e8dica.<\/li>\n<li>Tr\u00e0mit f\u00e0cil i \u00e0gil mitjan\u00e7ant formulari en l\u00ednia.<\/li>\n<li>Adaptat a les necessitats de cada pacient.<\/li>\n<li>Opcions de pagament flexibles.<\/li>\n<\/ul>\n[\/vc_column_text]<div class=\"vcex-spacing wpex-w-100 wpex-clear\"><\/div><div class=\"vcex-module vcex-divider vcex-divider-solid vcex-divider-center wpex-mx-auto wpex-max-w-100 wpex-block wpex-h-0 wpex-border-b wpex-border-solid wpex-border-main\" style=\"width:30%;border-bottom-width:4px;border-color:#757575;\"><\/div>[\/vc_column][\/vc_row][vc_row][vc_column]<div class=\"vcex-spacing wpex-w-100 wpex-clear hidden-phone\" style=\"height:60px;\"><\/div>[vc_column_text font_size=&#8221;d:24px|tl:24px|tp:24px|pl:16px|pp:16px&#8221;]\n<p style=\"text-align: center;\"><span style=\"font-size: 24px;\">Demani una <strong>simulaci\u00f3 de finan\u00e7ament<\/strong> a la nostra consulta per con\u00e8ixer les condicions i els terminis que s&#8217;aplicarien en el pressupost del seu tractament.<\/span><\/p>\n[\/vc_column_text][vc_column_text font_weight=&#8221;300&#8243;]\n<h2 style=\"text-align: center;\"><span style=\"font-size: 36px; color: #ff0000;\">Truqui al<\/span><strong><span style=\"font-size: 36px; color: #ff0000;\"><br \/>\n933 933 156<\/span><\/strong><\/h2>\n[\/vc_column_text]<div class=\"vcex-spacing wpex-w-100 wpex-clear\" style=\"height:40px;\"><\/div>[\/vc_column][\/vc_row][vc_row full_width=&#8221;stretch_row&#8221; disable_element=&#8221;yes&#8221; css=&#8221;.vc_custom_1596024408125{background-color: #eaeaea !important;}&#8221;][vc_column]<div class=\"vcex-spacing wpex-w-100 wpex-clear\" style=\"height:40px;\"><\/div><div class=\"vcex-spacing wpex-w-100 wpex-clear\" style=\"height:20px;\"><\/div>[vc_column_text font_weight=&#8221;400&#8243;]\n<p style=\"text-align: center;\"><span style=\"font-size: 18px;\">No dude en contactar con nosotros si tiene cualquier duda o si necesita ayuda para realizar la simulaci\u00f3n.<\/span><\/p>\n[\/vc_column_text]<div class=\"vcex-spacing wpex-w-100 wpex-clear\" style=\"height:20px;\"><\/div>[\/vc_column][\/vc_row]\n<\/div>","protected":false},"excerpt":{"rendered":"<p>[vc_row full_width=&#8221;stretch_row&#8221; content_placement=&#8221;middle&#8221; parallax=&#8221;content-moving&#8221; css=&#8221;.vc_custom_1595878153662{background-image: url(https:\/\/inofinstitut.com\/wp-content\/uploads\/2020\/07\/tratamientos-financiados-centro-inof.jpg?id=3672) !important;background-position: center;background-repeat: no-repeat !important;background-size: cover !important;}&#8221; min_height=&#8221;400&#8243; visibility=&#8221;hidden-phone&#8221;][vc_column width=&#8221;1\/4&#8243;][\/vc_column][vc_column width=&#8221;3\/4&#8243;][vc_empty_space height=&#8221;40px&#8221;][vc_empty_space height=&#8221;20px&#8221;][vc_row_inner][vc_column_inner width=&#8221;1\/4&#8243;][\/vc_column_inner][vc_column_inner width=&#8221;3\/4&#8243;][vc_column_text font_size=&#8221;d:24|tl:21|tp:21|pl:18|pp:18&#8243; font_weight=&#8221;200&#8243; color=&#8221;#757575&#8243;] Volem posar la medicina a l&#8217;abast de tothom. Vetllem per la seva salut i, per aix\u00f2, li oferim les millors solucions. [\/vc_column_text][\/vc_column_inner][\/vc_row_inner][\/vc_column][\/vc_row][vc_row full_width=&#8221;stretch_row&#8221; parallax=&#8221;content-moving&#8221; css=&#8221;.vc_custom_1510525812637{background-position: center;background-repeat: no-repeat;background-size: contain !important;}&#8221; min_height=&#8221;500&#8243; visibility=&#8221;visible-phone&#8221;][vc_column width=&#8221;1\/2&#8243;][vc_empty_space&hellip;<\/p>\n","protected":false},"author":6,"featured_media":0,"parent":0,"menu_order":0,"comment_status":"closed","ping_status":"closed","template":"","meta":{"_joinchat":[],"footnotes":""},"class_list":["post-3704","page","type-page","status-publish","hentry","entry","no-media"],"yoast_head":"<!-- This site is optimized with the Yoast SEO plugin v26.8 - https:\/\/yoast.com\/product\/yoast-seo-wordpress\/ -->\n<title>Finan\u00e7ament tractaments oftalmol\u00f2gics<\/title>\n<meta name=\"description\" content=\"L&#039;Institut INOF de la Dra. Fdez-Agrafojo ofereix un tipus de finan\u00e7ament per als tractaments oftalmol\u00f2gics amb LA TEVA MEDICINA FINAN\u00c7ADA\" \/>\n<meta name=\"robots\" content=\"index, follow, max-snippet:-1, max-image-preview:large, max-video-preview:-1\" \/>\n<link rel=\"canonical\" href=\"https:\/\/inofinstitut.com\/ca\/financament-tractaments-oftalmologics\/\" \/>\n<meta property=\"og:locale\" content=\"ca_ES\" \/>\n<meta property=\"og:type\" content=\"article\" \/>\n<meta property=\"og:title\" content=\"Finan\u00e7ament tractaments oftalmol\u00f2gics\" \/>\n<meta property=\"og:description\" content=\"L&#039;Institut INOF de la Dra. Fdez-Agrafojo ofereix un tipus de finan\u00e7ament per als tractaments oftalmol\u00f2gics amb LA TEVA MEDICINA FINAN\u00c7ADA\" \/>\n<meta property=\"og:url\" content=\"https:\/\/inofinstitut.com\/ca\/financament-tractaments-oftalmologics\/\" \/>\n<meta property=\"og:site_name\" content=\"Inof | Centro de investigaci\u00f3n y cirug\u00eda ocular\" \/>\n<meta property=\"article:publisher\" content=\"https:\/\/www.facebook.com\/OftalmologiaINOF\/\" \/>\n<meta property=\"article:modified_time\" content=\"2022-07-17T18:10:08+00:00\" \/>\n<meta name=\"twitter:card\" content=\"summary_large_image\" \/>\n<meta name=\"twitter:label1\" content=\"Temps estimat de lectura\" \/>\n\t<meta name=\"twitter:data1\" content=\"4 minuts\" \/>\n<script type=\"application\/ld+json\" class=\"yoast-schema-graph\">{\"@context\":\"https:\/\/schema.org\",\"@graph\":[{\"@type\":\"WebPage\",\"@id\":\"https:\/\/inofinstitut.com\/ca\/financament-tractaments-oftalmologics\/\",\"url\":\"https:\/\/inofinstitut.com\/ca\/financament-tractaments-oftalmologics\/\",\"name\":\"Finan\u00e7ament tractaments oftalmol\u00f2gics\",\"isPartOf\":{\"@id\":\"https:\/\/inofinstitut.com\/ca\/#website\"},\"datePublished\":\"2020-07-26T10:12:29+00:00\",\"dateModified\":\"2022-07-17T18:10:08+00:00\",\"description\":\"L'Institut INOF de la Dra. Fdez-Agrafojo ofereix un tipus de finan\u00e7ament per als tractaments oftalmol\u00f2gics amb LA TEVA MEDICINA FINAN\u00c7ADA\",\"breadcrumb\":{\"@id\":\"https:\/\/inofinstitut.com\/ca\/financament-tractaments-oftalmologics\/#breadcrumb\"},\"inLanguage\":\"ca\",\"potentialAction\":[{\"@type\":\"ReadAction\",\"target\":[\"https:\/\/inofinstitut.com\/ca\/financament-tractaments-oftalmologics\/\"]}]},{\"@type\":\"BreadcrumbList\",\"@id\":\"https:\/\/inofinstitut.com\/ca\/financament-tractaments-oftalmologics\/#breadcrumb\",\"itemListElement\":[{\"@type\":\"ListItem\",\"position\":1,\"name\":\"Portada\",\"item\":\"https:\/\/inofinstitut.com\/ca\/\"},{\"@type\":\"ListItem\",\"position\":2,\"name\":\"Finan\u00e7ament tractaments oftalmol\u00f2gics\"}]},{\"@type\":\"WebSite\",\"@id\":\"https:\/\/inofinstitut.com\/ca\/#website\",\"url\":\"https:\/\/inofinstitut.com\/ca\/\",\"name\":\"Centro Inof | Dra. Fdez-Agrafojo\",\"description\":\"Especialistas en estrabismo y oftalmolog\u00eda infantil\",\"publisher\":{\"@id\":\"https:\/\/inofinstitut.com\/ca\/#organization\"},\"potentialAction\":[{\"@type\":\"SearchAction\",\"target\":{\"@type\":\"EntryPoint\",\"urlTemplate\":\"https:\/\/inofinstitut.com\/ca\/?s={search_term_string}\"},\"query-input\":{\"@type\":\"PropertyValueSpecification\",\"valueRequired\":true,\"valueName\":\"search_term_string\"}}],\"inLanguage\":\"ca\"},{\"@type\":\"Organization\",\"@id\":\"https:\/\/inofinstitut.com\/ca\/#organization\",\"name\":\"Centro INOF de la Dra. Fdez-Agrafojo\",\"url\":\"https:\/\/inofinstitut.com\/ca\/\",\"logo\":{\"@type\":\"ImageObject\",\"inLanguage\":\"ca\",\"@id\":\"https:\/\/inofinstitut.com\/ca\/#\/schema\/logo\/image\/\",\"url\":\"https:\/\/inofinstitut.com\/wp-content\/uploads\/2018\/10\/logo-agrafojo.png\",\"contentUrl\":\"https:\/\/inofinstitut.com\/wp-content\/uploads\/2018\/10\/logo-agrafojo.png\",\"width\":721,\"height\":332,\"caption\":\"Centro INOF de la Dra. Fdez-Agrafojo\"},\"image\":{\"@id\":\"https:\/\/inofinstitut.com\/ca\/#\/schema\/logo\/image\/\"},\"sameAs\":[\"https:\/\/www.facebook.com\/OftalmologiaINOF\/\",\"https:\/\/www.instagram.com\/inof_agrafojo\/\",\"https:\/\/www.linkedin.com\/in\/dora-fern\u00e1ndez-agrafojo\/?ppe=1\",\"https:\/\/www.youtube.com\/channel\/UCOK86vawyDB209S0-i8dFDg\/playlists\"]}]}<\/script>\n<!-- \/ Yoast SEO plugin. -->","yoast_head_json":{"title":"Finan\u00e7ament tractaments oftalmol\u00f2gics","description":"L'Institut INOF de la Dra. Fdez-Agrafojo ofereix un tipus de finan\u00e7ament per als tractaments oftalmol\u00f2gics amb LA TEVA MEDICINA FINAN\u00c7ADA","robots":{"index":"index","follow":"follow","max-snippet":"max-snippet:-1","max-image-preview":"max-image-preview:large","max-video-preview":"max-video-preview:-1"},"canonical":"https:\/\/inofinstitut.com\/ca\/financament-tractaments-oftalmologics\/","og_locale":"ca_ES","og_type":"article","og_title":"Finan\u00e7ament tractaments oftalmol\u00f2gics","og_description":"L'Institut INOF de la Dra. Fdez-Agrafojo ofereix un tipus de finan\u00e7ament per als tractaments oftalmol\u00f2gics amb LA TEVA MEDICINA FINAN\u00c7ADA","og_url":"https:\/\/inofinstitut.com\/ca\/financament-tractaments-oftalmologics\/","og_site_name":"Inof | Centro de investigaci\u00f3n y cirug\u00eda ocular","article_publisher":"https:\/\/www.facebook.com\/OftalmologiaINOF\/","article_modified_time":"2022-07-17T18:10:08+00:00","twitter_card":"summary_large_image","twitter_misc":{"Temps estimat de lectura":"4 minuts"},"schema":{"@context":"https:\/\/schema.org","@graph":[{"@type":"WebPage","@id":"https:\/\/inofinstitut.com\/ca\/financament-tractaments-oftalmologics\/","url":"https:\/\/inofinstitut.com\/ca\/financament-tractaments-oftalmologics\/","name":"Finan\u00e7ament tractaments oftalmol\u00f2gics","isPartOf":{"@id":"https:\/\/inofinstitut.com\/ca\/#website"},"datePublished":"2020-07-26T10:12:29+00:00","dateModified":"2022-07-17T18:10:08+00:00","description":"L'Institut INOF de la Dra. Fdez-Agrafojo ofereix un tipus de finan\u00e7ament per als tractaments oftalmol\u00f2gics amb LA TEVA MEDICINA FINAN\u00c7ADA","breadcrumb":{"@id":"https:\/\/inofinstitut.com\/ca\/financament-tractaments-oftalmologics\/#breadcrumb"},"inLanguage":"ca","potentialAction":[{"@type":"ReadAction","target":["https:\/\/inofinstitut.com\/ca\/financament-tractaments-oftalmologics\/"]}]},{"@type":"BreadcrumbList","@id":"https:\/\/inofinstitut.com\/ca\/financament-tractaments-oftalmologics\/#breadcrumb","itemListElement":[{"@type":"ListItem","position":1,"name":"Portada","item":"https:\/\/inofinstitut.com\/ca\/"},{"@type":"ListItem","position":2,"name":"Finan\u00e7ament tractaments oftalmol\u00f2gics"}]},{"@type":"WebSite","@id":"https:\/\/inofinstitut.com\/ca\/#website","url":"https:\/\/inofinstitut.com\/ca\/","name":"Centro Inof | Dra. Fdez-Agrafojo","description":"Especialistas en estrabismo y oftalmolog\u00eda infantil","publisher":{"@id":"https:\/\/inofinstitut.com\/ca\/#organization"},"potentialAction":[{"@type":"SearchAction","target":{"@type":"EntryPoint","urlTemplate":"https:\/\/inofinstitut.com\/ca\/?s={search_term_string}"},"query-input":{"@type":"PropertyValueSpecification","valueRequired":true,"valueName":"search_term_string"}}],"inLanguage":"ca"},{"@type":"Organization","@id":"https:\/\/inofinstitut.com\/ca\/#organization","name":"Centro INOF de la Dra. Fdez-Agrafojo","url":"https:\/\/inofinstitut.com\/ca\/","logo":{"@type":"ImageObject","inLanguage":"ca","@id":"https:\/\/inofinstitut.com\/ca\/#\/schema\/logo\/image\/","url":"https:\/\/inofinstitut.com\/wp-content\/uploads\/2018\/10\/logo-agrafojo.png","contentUrl":"https:\/\/inofinstitut.com\/wp-content\/uploads\/2018\/10\/logo-agrafojo.png","width":721,"height":332,"caption":"Centro INOF de la Dra. Fdez-Agrafojo"},"image":{"@id":"https:\/\/inofinstitut.com\/ca\/#\/schema\/logo\/image\/"},"sameAs":["https:\/\/www.facebook.com\/OftalmologiaINOF\/","https:\/\/www.instagram.com\/inof_agrafojo\/","https:\/\/www.linkedin.com\/in\/dora-fern\u00e1ndez-agrafojo\/?ppe=1","https:\/\/www.youtube.com\/channel\/UCOK86vawyDB209S0-i8dFDg\/playlists"]}]}},"_links":{"self":[{"href":"https:\/\/inofinstitut.com\/ca\/wp-json\/wp\/v2\/pages\/3704","targetHints":{"allow":["GET"]}}],"collection":[{"href":"https:\/\/inofinstitut.com\/ca\/wp-json\/wp\/v2\/pages"}],"about":[{"href":"https:\/\/inofinstitut.com\/ca\/wp-json\/wp\/v2\/types\/page"}],"author":[{"embeddable":true,"href":"https:\/\/inofinstitut.com\/ca\/wp-json\/wp\/v2\/users\/6"}],"replies":[{"embeddable":true,"href":"https:\/\/inofinstitut.com\/ca\/wp-json\/wp\/v2\/comments?post=3704"}],"version-history":[{"count":2,"href":"https:\/\/inofinstitut.com\/ca\/wp-json\/wp\/v2\/pages\/3704\/revisions"}],"predecessor-version":[{"id":3707,"href":"https:\/\/inofinstitut.com\/ca\/wp-json\/wp\/v2\/pages\/3704\/revisions\/3707"}],"wp:attachment":[{"href":"https:\/\/inofinstitut.com\/ca\/wp-json\/wp\/v2\/media?parent=3704"}],"curies":[{"name":"wp","href":"https:\/\/api.w.org\/{rel}","templated":true}]}}