{"id":1951,"date":"2017-09-27T16:54:32","date_gmt":"2017-09-27T16:54:32","guid":{"rendered":"https:\/\/inofinstitut.com\/politica-de-cookies\/"},"modified":"2024-03-28T12:39:03","modified_gmt":"2024-03-28T12:39:03","slug":"cookies-policy","status":"publish","type":"page","link":"https:\/\/inofinstitut.com\/en\/cookies-policy\/","title":{"rendered":"Cookies Policy"},"content":{"rendered":"<div class=\"wpb-content-wrapper\">[vc_row][vc_column][vc_column_text]Una cookie es un fichero que se descarga en el ordenador\/smartphone\/tablet del usuario al acceder a determinadas p\u00e1ginas web para almacenar y recuperar informaci\u00f3n sobre la navegaci\u00f3n que se efect\u00faa desde dicho equipo, pero no nos proporcionan informaci\u00f3n ni sobre su nombre, ni sobre cualquier otro dato de car\u00e1cter personal suyo, constando \u00fanicamente a efectos de funcionamiento, seguridad y estad\u00edstica. Las cookies que utilizamos no pueden leer datos de su ordenador ni leer datos de otras cookies. Puede configurar su navegador para que le avise en pantalla que va a recibir una cookie. Si el usuario decide no aceptar cookies, esto no impedir\u00e1 que pueda acceder a la informaci\u00f3n de www.inof.es.<\/p>\n<p>\u201cOPHTOS INSTITUT, S.L.\u201d utiliza cookies propias para gestionar los diferentes servicios que ofrece al usuario, y en funci\u00f3n de su finalidad podemos distinguir entre:<\/p>\n<p>Cookies de sesi\u00f3n: Son un tipo de cookies dise\u00f1adas para recabar y almacenar datos cuando el usuario inicia sesi\u00f3n en el \u00e1rea privada de www.inof.es. Esta cookie caduca al finalizar la sesi\u00f3n, borr\u00e1ndose de su ordenador.<\/p>\n<p>Cookies persistentes: Son un tipo de cookies en el que los datos siguen almacenados en el terminal y pueden ser accedidos y tratados durante un periodo definido por el responsable de la cookie, y que puede ir de unos minutos a varios a\u00f1os.<\/p>\n<p>Cookies t\u00e9cnicas: Son aqu\u00e9llas que permiten al usuario la navegaci\u00f3n a trav\u00e9s de una p\u00e1gina web, plataforma o aplicaci\u00f3n y la utilizaci\u00f3n de las diferentes opciones o servicios que en ella existan como, por ejemplo, controlar el tr\u00e1fico y la comunicaci\u00f3n de datos, identificar la sesi\u00f3n, acceder a partes de acceso restringido, recordar los elementos que integran un pedido, realizar el proceso de compra de un pedido, realizar la solicitud de inscripci\u00f3n o participaci\u00f3n en un evento, utilizar elementos de seguridad durante la navegaci\u00f3n, almacenar contenidos para la difusi\u00f3n de v\u00eddeos o sonido o compartir contenidos a trav\u00e9s de redes sociales.<\/p>\n<p>Cookies de personalizaci\u00f3n: Son aqu\u00e9llas que permiten al usuario acceder al servicio con algunas caracter\u00edsticas de car\u00e1cter general predefinidas en funci\u00f3n de una serie de criterios en el terminal del usuario como por ejemplo serian el idioma, el tipo de navegador a trav\u00e9s del cual accede al servicio, la configuraci\u00f3n regional desde donde accede al servicio, etc.<\/p>\n<p>Cookies de an\u00e1lisis: Son aqu\u00e9llas que permiten al responsable de las mismas, el seguimiento y an\u00e1lisis del comportamiento de los usuarios de los sitios web a los que est\u00e1n vinculadas. La informaci\u00f3n recogida mediante este tipo de cookies se utiliza en la medici\u00f3n de la actividad de los sitios web, aplicaci\u00f3n o plataforma y para la elaboraci\u00f3n de perfiles de navegaci\u00f3n de los usuarios de dichos sitios, aplicaciones y plataformas, con el fin de introducir mejoras en funci\u00f3n del an\u00e1lisis de los datos de uso que hacen los usuarios del servicio.[\/vc_column_text][\/vc_column][\/vc_row][vc_row][vc_column][vc_single_image image=&#8221;4927&#8243;][\/vc_column][\/vc_row][vc_row][vc_column][vc_column_text]Seg\u00fan el Grupo de Trabajo del Art\u00edculo 29, en su Dictamen 4\/2012, ha interpretado que entre las cookies exceptuadas del cumplimiento de las obligaciones establecidas en el art\u00edculo 22.2 de la LSSI, est\u00e1n las utilizadas para permitir \u00fanicamente la comunicaci\u00f3n entre el equipo del usuario y la red, y aquellas utilizadas estrictamente para prestar un servicio expresamente solicitado por el usuario, estando aquellas que tienen por finalidad:<\/p>\n<ul>\n<li>Cookies de \u00abentrada del usuario\u00bb<\/li>\n<li>Cookies de autenticaci\u00f3n o identificaci\u00f3n de usuario (\u00fanicamente de sesi\u00f3n)<\/li>\n<li>Cookies de seguridad del usuario (Por ejemplo para detectar intentos err\u00f3neos y reiterados de conexi\u00f3n a un sitio web)<\/li>\n<li>Cookies de sesi\u00f3n de reproductor multimedia<\/li>\n<li>Cookies de sesi\u00f3n para equilibrar la carga<\/li>\n<li>Cookies de personalizaci\u00f3n de la interfaz de usuario<\/li>\n<li>Cookies de complemento (plug-in) para intercambiar contenidos sociales<\/li>\n<\/ul>\n<p>Las cookies de sesi\u00f3n y de entrada de usuario se suelen utilizar para rastrear las acciones del usuario al rellenar los formularios en l\u00ednea en varias p\u00e1ginas, o como cesta de la compra para hacer el seguimiento de los art\u00edculos que el usuario ha seleccionado al pulsar un bot\u00f3n.<\/p>\n<p>Si se desactiva la aceptaci\u00f3n de las cookies estrictamente necesarias para la prestaci\u00f3n de determinados servicios solicitados expresamente por el usuario, no podr\u00e1 consultar y\/o recibir correctamente los contenidos y servicios de www.inof.es.<\/p>\n<p>A continuaci\u00f3n se relacionan las cookies utilizadas en www.inof.es:<\/p>\n<p><strong>Cookies propias<\/strong><\/p>\n<ul>\n<li>Estrictamente necesarias\n<ul>\n<li>Finalidad:\u00a0Sirven para ofrecer servicios o recordar configuraciones para mejorar su experiencia de navegaci\u00f3n en nuestro sitio web, como el idioma.<\/li>\n<\/ul>\n<\/li>\n<\/ul>\n<p><strong>Cookies de terceros<\/strong><\/p>\n<p><strong>Anal\u00edticas<\/strong><\/p>\n<ul>\n<li>Google Analytics\n<ul>\n<li>Finalidad:\u00a0Informes estad\u00edsticos sobre el tr\u00e1fico del sitio web, su audiencia total y la audiencia en una determinada campa\u00f1a publicitaria.<\/li>\n<li>Datos:\u00a0N\u00famero de visitas, p\u00e1ginas o secciones visitadas, tiempo de navegaci\u00f3n, pa\u00eds desde donde se hace la consulta, detalles sobre los navegadores usados.<\/li>\n<\/ul>\n<\/li>\n<\/ul>\n<p><strong>Social<\/strong><\/p>\n<ul>\n<li>Youtube\n<ul>\n<li>Finalidad: Medir la audiencia de los audiovisuales alojados en este canal.<\/li>\n<li>Datos: N\u00famero de visualizaciones.<\/li>\n<\/ul>\n<\/li>\n<li>Facebook\n<ul>\n<li>Finalidad: Mantener informados a los seguidores en esta red de las novedades.<\/li>\n<li>Datos: N\u00famero de visitas, comentarios e interacciones.<\/li>\n<\/ul>\n<\/li>\n<li>Linkedin\n<ul>\n<li>Finalidad: Medir la audiencia y los seguidores.<\/li>\n<li>Datos: Nuevos contactos (si los hubiera) y visualizaciones realizadas por los usuarios.<\/li>\n<\/ul>\n<\/li>\n<li>Cookie de Google Maps, seg\u00fan lo dispuesto en <a href=\"https:\/\/policies.google.com\/privacy?hl=es-419\" target=\"_blank\" rel=\"noopener\">su pol\u00edtica de privacidad y uso de cookies<\/a>.<\/li>\n<\/ul>\n<p>\u201cOPHTOS INSTITUT, S.L.\u201d tambi\u00e9n utiliza las cookies anal\u00edticas del servicio de Google Analytics para el an\u00e1lisis de nuestro sitio web. Estas cookies se utilizan para recoger informaci\u00f3n sobre el uso de nuestro sitio web por parte de los visitantes, utilizando la informaci\u00f3n para facilitar y mejorar la navegaci\u00f3n. La desactivaci\u00f3n de estas cookies no afectar\u00e1 a la funcionalidad de www.inof.es.<\/p>\n<p>Google Analytics es la herramienta de anal\u00edtica de Google que ayuda a los sitios web y a los propietarios de aplicaciones a entender el modo en que sus visitantes interact\u00faan con \u00e9stas. Puede utilizar un conjunto de cookies para recopilar informaci\u00f3n e informar de las estad\u00edsticas de uso de los sitios web sin identificar personalmente a los visitantes de Google. M\u00e1s informaci\u00f3n sobre <a href=\"https:\/\/developers.google.com\/analytics\/resources\/concepts\/gaConceptsCookies\" target=\"_blank\" rel=\"noopener\">las cookies de Google Analytics e informaci\u00f3n sobre la privacidad<\/a>.<\/p>\n<p>Algunas partes de la Web se pueden conectar con diversas redes sociales como por ejemplo Facebook, Twitter, Google+, Linkedin, etc., por lo que deber\u00e1 consultar la pol\u00edtica de cookies que \u00e9stas ofrezcan en cada caso antes de utilizar sus servicios.<\/p>\n<p>Puede permitir, bloquear o eliminar las cookies instaladas en su equipo mediante la configuraci\u00f3n de las opciones de su navegador de Internet. A continuaci\u00f3n, le indicamos los links de los principales navegadores d\u00f3nde explican c\u00f3mo:<\/p>\n<p>&#8211; <a href=\"http:\/\/windows.microsoft.com\/es-es\/internet-explorer\/delete-manage-cookies\" target=\"_blank\" rel=\"noopener\">Internet Explorer<\/a><\/p>\n<p>&#8211; <a href=\"https:\/\/support.google.com\/chrome\/answer\/95647?hl=es\" target=\"_blank\" rel=\"noopener\">Google Chrome<\/a><\/p>\n<p>&#8211; <a href=\"https:\/\/support.google.com\/chrome\/answer\/2392971?hl=es\" target=\"_blank\" rel=\"noopener\">Google Chrome para Android<\/a><\/p>\n<p>&#8211; <a href=\"https:\/\/support.mozilla.org\/es\/kb\/habilitar-y-deshabilitar-cookies-que-los-sitios-we\" target=\"_blank\" rel=\"noopener\">Mozilla Firefox<\/a><\/p>\n<p>&#8211; <a href=\"http:\/\/support.apple.com\/kb\/ph5042\" target=\"_blank\" rel=\"noopener\">Safari<\/a><\/p>\n<p>&#8211; <a href=\"http:\/\/support.apple.com\/kb\/ht1677?viewlocale=es_es&amp;locale=es_es\" target=\"_blank\" rel=\"noopener\">Safari para IOS<\/a> (iPhone &#8211; iPad)<\/p>\n<p>Estos navegadores est\u00e1n sometidos a constantes actualizaciones y modificaciones, por lo que no podemos garantizar que se ajusten completamente a la versi\u00f3n de su navegador actual. Tambi\u00e9n es posible que utilice otro navegador no contemplado en estos enlaces, por lo que deber\u00e1 consultar la ayuda de su navegador para configurar el uso de cookies.<\/p>\n<p>Si quisiese retirar su consentimiento en cualquier momento relacionado con la presente Pol\u00edtica de Cookies, deber\u00e1 eliminar las cookies almacenadas a trav\u00e9s de los ajustes y configuraciones de su navegador de Internet.<\/p>\n<p>La presente Pol\u00edtica de Cookies tiene por finalidad informarle de manera clara y precisa sobre las cookies que se utilizan en www.inof.es. En caso de que quiera m\u00e1s informaci\u00f3n sobre el uso de las cookies podr\u00e1 solicitarlo por correo electr\u00f3nico a <a href=\"mailto:agrafojo@inof.es\" target=\"_blank\" rel=\"noopener\">agrafojo@inof.es<\/a>[\/vc_column_text][\/vc_column][\/vc_row]\n<\/div>","protected":false},"excerpt":{"rendered":"<p>[vc_row][vc_column][vc_column_text]Una cookie es un fichero que se descarga en el ordenador\/smartphone\/tablet del usuario al acceder a determinadas p\u00e1ginas web para almacenar y recuperar informaci\u00f3n sobre la navegaci\u00f3n que se efect\u00faa desde dicho equipo, pero no nos proporcionan informaci\u00f3n ni sobre su nombre, ni sobre cualquier otro dato de car\u00e1cter personal suyo, constando \u00fanicamente a efectos&hellip;<\/p>\n","protected":false},"author":6,"featured_media":0,"parent":0,"menu_order":0,"comment_status":"closed","ping_status":"closed","template":"","meta":{"_joinchat":[],"footnotes":""},"class_list":["post-1951","page","type-page","status-publish","hentry","entry","no-media"],"yoast_head":"<!-- This site is optimized with the Yoast SEO plugin v26.8 - https:\/\/yoast.com\/product\/yoast-seo-wordpress\/ -->\n<title>Cookies Policy - Inof | Centro de investigaci\u00f3n y cirug\u00eda ocular<\/title>\n<meta name=\"robots\" content=\"index, follow, max-snippet:-1, max-image-preview:large, max-video-preview:-1\" \/>\n<link rel=\"canonical\" href=\"https:\/\/inofinstitut.com\/en\/cookies-policy\/\" \/>\n<meta property=\"og:locale\" content=\"en_US\" \/>\n<meta property=\"og:type\" content=\"article\" \/>\n<meta property=\"og:title\" content=\"Cookies Policy - Inof | Centro de investigaci\u00f3n y cirug\u00eda ocular\" \/>\n<meta property=\"og:description\" content=\"[vc_row][vc_column][vc_column_text]Una cookie es un fichero que se descarga en el ordenador\/smartphone\/tablet del usuario al acceder a determinadas p\u00e1ginas web para almacenar y recuperar informaci\u00f3n sobre la navegaci\u00f3n que se efect\u00faa desde dicho equipo, pero no nos proporcionan informaci\u00f3n ni sobre su nombre, ni sobre cualquier otro dato de car\u00e1cter personal suyo, constando \u00fanicamente a efectos&hellip;\" \/>\n<meta property=\"og:url\" content=\"https:\/\/inofinstitut.com\/en\/cookies-policy\/\" \/>\n<meta property=\"og:site_name\" content=\"Inof | Centro de investigaci\u00f3n y cirug\u00eda ocular\" \/>\n<meta property=\"article:publisher\" content=\"https:\/\/www.facebook.com\/OftalmologiaINOF\/\" \/>\n<meta property=\"article:modified_time\" content=\"2024-03-28T12:39:03+00:00\" \/>\n<meta name=\"twitter:card\" content=\"summary_large_image\" \/>\n<meta name=\"twitter:label1\" content=\"Est. reading time\" \/>\n\t<meta name=\"twitter:data1\" content=\"7 minutes\" \/>\n<script type=\"application\/ld+json\" class=\"yoast-schema-graph\">{\"@context\":\"https:\/\/schema.org\",\"@graph\":[{\"@type\":\"WebPage\",\"@id\":\"https:\/\/inofinstitut.com\/en\/cookies-policy\/\",\"url\":\"https:\/\/inofinstitut.com\/en\/cookies-policy\/\",\"name\":\"Cookies Policy - Inof | Centro de investigaci\u00f3n y cirug\u00eda ocular\",\"isPartOf\":{\"@id\":\"https:\/\/inofinstitut.com\/en\/#website\"},\"datePublished\":\"2017-09-27T16:54:32+00:00\",\"dateModified\":\"2024-03-28T12:39:03+00:00\",\"breadcrumb\":{\"@id\":\"https:\/\/inofinstitut.com\/en\/cookies-policy\/#breadcrumb\"},\"inLanguage\":\"en-US\",\"potentialAction\":[{\"@type\":\"ReadAction\",\"target\":[\"https:\/\/inofinstitut.com\/en\/cookies-policy\/\"]}]},{\"@type\":\"BreadcrumbList\",\"@id\":\"https:\/\/inofinstitut.com\/en\/cookies-policy\/#breadcrumb\",\"itemListElement\":[{\"@type\":\"ListItem\",\"position\":1,\"name\":\"Portada\",\"item\":\"https:\/\/inofinstitut.com\/en\/\"},{\"@type\":\"ListItem\",\"position\":2,\"name\":\"Cookies Policy\"}]},{\"@type\":\"WebSite\",\"@id\":\"https:\/\/inofinstitut.com\/en\/#website\",\"url\":\"https:\/\/inofinstitut.com\/en\/\",\"name\":\"Centro Inof | Dra. Fdez-Agrafojo\",\"description\":\"Especialistas en estrabismo y oftalmolog\u00eda infantil\",\"publisher\":{\"@id\":\"https:\/\/inofinstitut.com\/en\/#organization\"},\"potentialAction\":[{\"@type\":\"SearchAction\",\"target\":{\"@type\":\"EntryPoint\",\"urlTemplate\":\"https:\/\/inofinstitut.com\/en\/?s={search_term_string}\"},\"query-input\":{\"@type\":\"PropertyValueSpecification\",\"valueRequired\":true,\"valueName\":\"search_term_string\"}}],\"inLanguage\":\"en-US\"},{\"@type\":\"Organization\",\"@id\":\"https:\/\/inofinstitut.com\/en\/#organization\",\"name\":\"Centro INOF de la Dra. Fdez-Agrafojo\",\"url\":\"https:\/\/inofinstitut.com\/en\/\",\"logo\":{\"@type\":\"ImageObject\",\"inLanguage\":\"en-US\",\"@id\":\"https:\/\/inofinstitut.com\/en\/#\/schema\/logo\/image\/\",\"url\":\"https:\/\/inofinstitut.com\/wp-content\/uploads\/2018\/10\/logo-agrafojo.png\",\"contentUrl\":\"https:\/\/inofinstitut.com\/wp-content\/uploads\/2018\/10\/logo-agrafojo.png\",\"width\":721,\"height\":332,\"caption\":\"Centro INOF de la Dra. Fdez-Agrafojo\"},\"image\":{\"@id\":\"https:\/\/inofinstitut.com\/en\/#\/schema\/logo\/image\/\"},\"sameAs\":[\"https:\/\/www.facebook.com\/OftalmologiaINOF\/\",\"https:\/\/www.instagram.com\/inof_agrafojo\/\",\"https:\/\/www.linkedin.com\/in\/dora-fern\u00e1ndez-agrafojo\/?ppe=1\",\"https:\/\/www.youtube.com\/channel\/UCOK86vawyDB209S0-i8dFDg\/playlists\"]}]}<\/script>\n<!-- \/ Yoast SEO plugin. -->","yoast_head_json":{"title":"Cookies Policy - Inof | Centro de investigaci\u00f3n y cirug\u00eda ocular","robots":{"index":"index","follow":"follow","max-snippet":"max-snippet:-1","max-image-preview":"max-image-preview:large","max-video-preview":"max-video-preview:-1"},"canonical":"https:\/\/inofinstitut.com\/en\/cookies-policy\/","og_locale":"en_US","og_type":"article","og_title":"Cookies Policy - Inof | Centro de investigaci\u00f3n y cirug\u00eda ocular","og_description":"[vc_row][vc_column][vc_column_text]Una cookie es un fichero que se descarga en el ordenador\/smartphone\/tablet del usuario al acceder a determinadas p\u00e1ginas web para almacenar y recuperar informaci\u00f3n sobre la navegaci\u00f3n que se efect\u00faa desde dicho equipo, pero no nos proporcionan informaci\u00f3n ni sobre su nombre, ni sobre cualquier otro dato de car\u00e1cter personal suyo, constando \u00fanicamente a efectos&hellip;","og_url":"https:\/\/inofinstitut.com\/en\/cookies-policy\/","og_site_name":"Inof | Centro de investigaci\u00f3n y cirug\u00eda ocular","article_publisher":"https:\/\/www.facebook.com\/OftalmologiaINOF\/","article_modified_time":"2024-03-28T12:39:03+00:00","twitter_card":"summary_large_image","twitter_misc":{"Est. reading time":"7 minutes"},"schema":{"@context":"https:\/\/schema.org","@graph":[{"@type":"WebPage","@id":"https:\/\/inofinstitut.com\/en\/cookies-policy\/","url":"https:\/\/inofinstitut.com\/en\/cookies-policy\/","name":"Cookies Policy - Inof | Centro de investigaci\u00f3n y cirug\u00eda ocular","isPartOf":{"@id":"https:\/\/inofinstitut.com\/en\/#website"},"datePublished":"2017-09-27T16:54:32+00:00","dateModified":"2024-03-28T12:39:03+00:00","breadcrumb":{"@id":"https:\/\/inofinstitut.com\/en\/cookies-policy\/#breadcrumb"},"inLanguage":"en-US","potentialAction":[{"@type":"ReadAction","target":["https:\/\/inofinstitut.com\/en\/cookies-policy\/"]}]},{"@type":"BreadcrumbList","@id":"https:\/\/inofinstitut.com\/en\/cookies-policy\/#breadcrumb","itemListElement":[{"@type":"ListItem","position":1,"name":"Portada","item":"https:\/\/inofinstitut.com\/en\/"},{"@type":"ListItem","position":2,"name":"Cookies Policy"}]},{"@type":"WebSite","@id":"https:\/\/inofinstitut.com\/en\/#website","url":"https:\/\/inofinstitut.com\/en\/","name":"Centro Inof | Dra. Fdez-Agrafojo","description":"Especialistas en estrabismo y oftalmolog\u00eda infantil","publisher":{"@id":"https:\/\/inofinstitut.com\/en\/#organization"},"potentialAction":[{"@type":"SearchAction","target":{"@type":"EntryPoint","urlTemplate":"https:\/\/inofinstitut.com\/en\/?s={search_term_string}"},"query-input":{"@type":"PropertyValueSpecification","valueRequired":true,"valueName":"search_term_string"}}],"inLanguage":"en-US"},{"@type":"Organization","@id":"https:\/\/inofinstitut.com\/en\/#organization","name":"Centro INOF de la Dra. Fdez-Agrafojo","url":"https:\/\/inofinstitut.com\/en\/","logo":{"@type":"ImageObject","inLanguage":"en-US","@id":"https:\/\/inofinstitut.com\/en\/#\/schema\/logo\/image\/","url":"https:\/\/inofinstitut.com\/wp-content\/uploads\/2018\/10\/logo-agrafojo.png","contentUrl":"https:\/\/inofinstitut.com\/wp-content\/uploads\/2018\/10\/logo-agrafojo.png","width":721,"height":332,"caption":"Centro INOF de la Dra. Fdez-Agrafojo"},"image":{"@id":"https:\/\/inofinstitut.com\/en\/#\/schema\/logo\/image\/"},"sameAs":["https:\/\/www.facebook.com\/OftalmologiaINOF\/","https:\/\/www.instagram.com\/inof_agrafojo\/","https:\/\/www.linkedin.com\/in\/dora-fern\u00e1ndez-agrafojo\/?ppe=1","https:\/\/www.youtube.com\/channel\/UCOK86vawyDB209S0-i8dFDg\/playlists"]}]}},"_links":{"self":[{"href":"https:\/\/inofinstitut.com\/en\/wp-json\/wp\/v2\/pages\/1951","targetHints":{"allow":["GET"]}}],"collection":[{"href":"https:\/\/inofinstitut.com\/en\/wp-json\/wp\/v2\/pages"}],"about":[{"href":"https:\/\/inofinstitut.com\/en\/wp-json\/wp\/v2\/types\/page"}],"author":[{"embeddable":true,"href":"https:\/\/inofinstitut.com\/en\/wp-json\/wp\/v2\/users\/6"}],"replies":[{"embeddable":true,"href":"https:\/\/inofinstitut.com\/en\/wp-json\/wp\/v2\/comments?post=1951"}],"version-history":[{"count":5,"href":"https:\/\/inofinstitut.com\/en\/wp-json\/wp\/v2\/pages\/1951\/revisions"}],"predecessor-version":[{"id":4930,"href":"https:\/\/inofinstitut.com\/en\/wp-json\/wp\/v2\/pages\/1951\/revisions\/4930"}],"wp:attachment":[{"href":"https:\/\/inofinstitut.com\/en\/wp-json\/wp\/v2\/media?parent=1951"}],"curies":[{"name":"wp","href":"https:\/\/api.w.org\/{rel}","templated":true}]}}