{"id":4900,"date":"2024-02-26T18:41:45","date_gmt":"2024-02-26T18:41:45","guid":{"rendered":"https:\/\/inofinstitut.com\/dr-joan-giralt\/"},"modified":"2024-02-26T19:11:58","modified_gmt":"2024-02-26T19:11:58","slug":"dr-joan-giralt","status":"publish","type":"page","link":"https:\/\/inofinstitut.com\/en\/dr-joan-giralt\/","title":{"rendered":"Dr. Joan Giralt"},"content":{"rendered":"<div class=\"wpb-content-wrapper\">[vc_row full_width=&#8221;stretch_row&#8221; min_height=&#8221;400&#8243; css=&#8221;.vc_custom_1508239857967{background-image: url(https:\/\/inofinstitut.com\/wp-content\/uploads\/2017\/08\/profesionales-de-inof.jpg?id=610) !important;background-position: center !important;background-repeat: no-repeat !important;background-size: cover !important;}&#8221; visibility=&#8221;visible-desktop&#8221;][vc_column][\/vc_column][\/vc_row][vc_row][vc_column][vc_empty_space height=&#8221;50px&#8221;]<h2 class=\"vcex-heading vcex-heading-plain vcex-module wpex-heading wpex-text-2xl\"><span class=\"vcex-heading-inner wpex-inline-block\">Dr. Joan Giralt<\/span><\/h2>[\/vc_column][\/vc_row][vc_row full_width=&#8221;stretch_row&#8221; column_spacing=&#8221;50&#8243;][vc_column width=&#8221;1\/4&#8243;][vc_single_image image=&#8221;4893&#8243; alignment=&#8221;left&#8221;][vc_empty_space height=&#8221;30px&#8221;][vc_column_text]Graduated in Medicine and Surgery from the Universitat Aut\u00f2noma de Barcelona, 1991.<\/p>\n<p>Specialized in Ophthalmology in London, United Kingdom, 1996.[\/vc_column_text][\/vc_column][vc_column width=&#8221;3\/4&#8243;][vc_column_text]<strong>Speciality<\/strong><\/p>\n<p><em>Ophthalmologist.<\/em><\/p>\n<p><em>Specialist in cataract surgery, retinal and vitreous diseases and age-related macular degeneration.<\/em><\/p>\n<p>&nbsp;<\/p>\n<p><strong>Career path<\/strong><\/p>\n<p>Dr. Giralt Josa is a prominent Ophthalmology specialist with more than 15 years of experience. He completed his training at renowned international centres, including the Memorial Sloan Cancer Center and the Manhattan Eye, Ear &amp; Throat Hospital in New York, as well as the Saint Thomas Hospital in London. He specialized in retina and vitreous at the Moorfields Eye Hospital in London.<\/p>\n<p>His expertise has made him an expert in cataract surgery and its complications, as well as in retinal and vitreous diseases such as diabetic retinopathy, age-related macular degeneration, among others. In addition to his clinical practice, he has dedicated time to teaching as a clinical professor of Ophthalmology at the Faculty of Medicine of the University of Barcelona.<\/p>\n<p>&nbsp;<\/p>\n<p><strong>Membership of Professional Associations<\/strong><\/p>\n<ul>\n<li>Societat Catalana d&#8217;Oftalmologia<\/li>\n<li>Comit\u00e9 de Delegados M\u00e9dicos del Hospital Cl\u00ednic<\/li>\n<li>Comit\u00e9 de Direcci\u00f3n del Institut Cl\u00ednic d&#8217;Oftalmologia<\/li>\n<li>Sociedad Espa\u00f1ola de Retina y V\u00edtreo<\/li>\n<li>Association for Research in Vision &amp; Ophthalmology<\/li>\n<\/ul>\n[\/vc_column_text][\/vc_column][\/vc_row][vc_row][vc_column]<style>.vcex-button.vcex_69e224973197c{background:#ffad1e;color:#ffffff!important;width:200px;}.vcex-button.vcex_69e224973197c:hover{background:#ffc651!important;color:#757575!important;}<\/style><div class=\"theme-button-wrap textcenter theme-button-block-wrap wpex-block wpex-clear wpex-clr\"><a href=\"https:\/\/inofinstitut.com\/en\/the-inof-team\/\" class=\"vcex-button theme-button medium align-center block wpex-flex-shrink-0 vcex_69e224973197c\"><span class=\"vcex-button-inner theme-button-inner wpex-flex wpex-flex-wrap wpex-items-center wpex-justify-center\"><span class=\"vcex-button-icon vcex-icon-wrap theme-button-icon-left\"><span aria-hidden=\"true\" class=\"typcn typcn-arrow-left-thick\"><\/span><\/span>Go back<\/span><\/a><\/div> [\/vc_column][\/vc_row]\n<\/div>","protected":false},"excerpt":{"rendered":"<p>[vc_row full_width=&#8221;stretch_row&#8221; min_height=&#8221;400&#8243; css=&#8221;.vc_custom_1508239857967{background-image: url(https:\/\/inofinstitut.com\/wp-content\/uploads\/2017\/08\/profesionales-de-inof.jpg?id=610) !important;background-position: center !important;background-repeat: no-repeat !important;background-size: cover !important;}&#8221; visibility=&#8221;visible-desktop&#8221;][vc_column][\/vc_column][\/vc_row][vc_row][vc_column][vc_empty_space height=&#8221;50px&#8221;][\/vc_column][\/vc_row][vc_row full_width=&#8221;stretch_row&#8221; column_spacing=&#8221;50&#8243;][vc_column width=&#8221;1\/4&#8243;][vc_single_image image=&#8221;4893&#8243; alignment=&#8221;left&#8221;][vc_empty_space height=&#8221;30px&#8221;][vc_column_text]Graduated in Medicine and Surgery from the Universitat Aut\u00f2noma de Barcelona, 1991. Specialized in Ophthalmology in London, United Kingdom, 1996.[\/vc_column_text][\/vc_column][vc_column width=&#8221;3\/4&#8243;][vc_column_text]Speciality Ophthalmologist. Specialist in cataract surgery, retinal and vitreous diseases and age-related macular degeneration. &nbsp; Career&hellip;<\/p>\n","protected":false},"author":6,"featured_media":0,"parent":0,"menu_order":0,"comment_status":"closed","ping_status":"closed","template":"","meta":{"_joinchat":[],"footnotes":""},"class_list":["post-4900","page","type-page","status-publish","hentry","entry","no-media"],"yoast_head":"<!-- This site is optimized with the Yoast SEO plugin v26.8 - https:\/\/yoast.com\/product\/yoast-seo-wordpress\/ -->\n<title>Dr. Joan Giralt - Inof | Centro de investigaci\u00f3n y cirug\u00eda ocular<\/title>\n<meta name=\"robots\" content=\"index, follow, max-snippet:-1, max-image-preview:large, max-video-preview:-1\" \/>\n<link rel=\"canonical\" href=\"https:\/\/inofinstitut.com\/en\/dr-joan-giralt\/\" \/>\n<meta property=\"og:locale\" content=\"en_US\" \/>\n<meta property=\"og:type\" content=\"article\" \/>\n<meta property=\"og:title\" content=\"Dr. Joan Giralt - Inof | Centro de investigaci\u00f3n y cirug\u00eda ocular\" \/>\n<meta property=\"og:description\" content=\"[vc_row full_width=&#8221;stretch_row&#8221; min_height=&#8221;400&#8243; css=&#8221;.vc_custom_1508239857967{background-image: url(https:\/\/inofinstitut.com\/wp-content\/uploads\/2017\/08\/profesionales-de-inof.jpg?id=610) !important;background-position: center !important;background-repeat: no-repeat !important;background-size: cover !important;}&#8221; visibility=&#8221;visible-desktop&#8221;][vc_column][\/vc_column][\/vc_row][vc_row][vc_column][vc_empty_space height=&#8221;50px&#8221;][\/vc_column][\/vc_row][vc_row full_width=&#8221;stretch_row&#8221; column_spacing=&#8221;50&#8243;][vc_column width=&#8221;1\/4&#8243;][vc_single_image image=&#8221;4893&#8243; alignment=&#8221;left&#8221;][vc_empty_space height=&#8221;30px&#8221;][vc_column_text]Graduated in Medicine and Surgery from the Universitat Aut\u00f2noma de Barcelona, 1991. Specialized in Ophthalmology in London, United Kingdom, 1996.[\/vc_column_text][\/vc_column][vc_column width=&#8221;3\/4&#8243;][vc_column_text]Speciality Ophthalmologist. Specialist in cataract surgery, retinal and vitreous diseases and age-related macular degeneration. &nbsp; Career&hellip;\" \/>\n<meta property=\"og:url\" content=\"https:\/\/inofinstitut.com\/en\/dr-joan-giralt\/\" \/>\n<meta property=\"og:site_name\" content=\"Inof | Centro de investigaci\u00f3n y cirug\u00eda ocular\" \/>\n<meta property=\"article:publisher\" content=\"https:\/\/www.facebook.com\/OftalmologiaINOF\/\" \/>\n<meta property=\"article:modified_time\" content=\"2024-02-26T19:11:58+00:00\" \/>\n<meta name=\"twitter:card\" content=\"summary_large_image\" \/>\n<meta name=\"twitter:label1\" content=\"Est. reading time\" \/>\n\t<meta name=\"twitter:data1\" content=\"2 minutes\" \/>\n<script type=\"application\/ld+json\" class=\"yoast-schema-graph\">{\"@context\":\"https:\/\/schema.org\",\"@graph\":[{\"@type\":\"WebPage\",\"@id\":\"https:\/\/inofinstitut.com\/en\/dr-joan-giralt\/\",\"url\":\"https:\/\/inofinstitut.com\/en\/dr-joan-giralt\/\",\"name\":\"Dr. Joan Giralt - Inof | Centro de investigaci\u00f3n y cirug\u00eda ocular\",\"isPartOf\":{\"@id\":\"https:\/\/inofinstitut.com\/en\/#website\"},\"datePublished\":\"2024-02-26T18:41:45+00:00\",\"dateModified\":\"2024-02-26T19:11:58+00:00\",\"breadcrumb\":{\"@id\":\"https:\/\/inofinstitut.com\/en\/dr-joan-giralt\/#breadcrumb\"},\"inLanguage\":\"en-US\",\"potentialAction\":[{\"@type\":\"ReadAction\",\"target\":[\"https:\/\/inofinstitut.com\/en\/dr-joan-giralt\/\"]}]},{\"@type\":\"BreadcrumbList\",\"@id\":\"https:\/\/inofinstitut.com\/en\/dr-joan-giralt\/#breadcrumb\",\"itemListElement\":[{\"@type\":\"ListItem\",\"position\":1,\"name\":\"Portada\",\"item\":\"https:\/\/inofinstitut.com\/en\/\"},{\"@type\":\"ListItem\",\"position\":2,\"name\":\"Dr. Joan Giralt\"}]},{\"@type\":\"WebSite\",\"@id\":\"https:\/\/inofinstitut.com\/en\/#website\",\"url\":\"https:\/\/inofinstitut.com\/en\/\",\"name\":\"Centro Inof | Dra. Fdez-Agrafojo\",\"description\":\"Especialistas en estrabismo y oftalmolog\u00eda infantil\",\"publisher\":{\"@id\":\"https:\/\/inofinstitut.com\/en\/#organization\"},\"potentialAction\":[{\"@type\":\"SearchAction\",\"target\":{\"@type\":\"EntryPoint\",\"urlTemplate\":\"https:\/\/inofinstitut.com\/en\/?s={search_term_string}\"},\"query-input\":{\"@type\":\"PropertyValueSpecification\",\"valueRequired\":true,\"valueName\":\"search_term_string\"}}],\"inLanguage\":\"en-US\"},{\"@type\":\"Organization\",\"@id\":\"https:\/\/inofinstitut.com\/en\/#organization\",\"name\":\"Centro INOF de la Dra. Fdez-Agrafojo\",\"url\":\"https:\/\/inofinstitut.com\/en\/\",\"logo\":{\"@type\":\"ImageObject\",\"inLanguage\":\"en-US\",\"@id\":\"https:\/\/inofinstitut.com\/en\/#\/schema\/logo\/image\/\",\"url\":\"https:\/\/inofinstitut.com\/wp-content\/uploads\/2018\/10\/logo-agrafojo.png\",\"contentUrl\":\"https:\/\/inofinstitut.com\/wp-content\/uploads\/2018\/10\/logo-agrafojo.png\",\"width\":721,\"height\":332,\"caption\":\"Centro INOF de la Dra. Fdez-Agrafojo\"},\"image\":{\"@id\":\"https:\/\/inofinstitut.com\/en\/#\/schema\/logo\/image\/\"},\"sameAs\":[\"https:\/\/www.facebook.com\/OftalmologiaINOF\/\",\"https:\/\/www.instagram.com\/inof_agrafojo\/\",\"https:\/\/www.linkedin.com\/in\/dora-fern\u00e1ndez-agrafojo\/?ppe=1\",\"https:\/\/www.youtube.com\/channel\/UCOK86vawyDB209S0-i8dFDg\/playlists\"]}]}<\/script>\n<!-- \/ Yoast SEO plugin. -->","yoast_head_json":{"title":"Dr. Joan Giralt - Inof | Centro de investigaci\u00f3n y cirug\u00eda ocular","robots":{"index":"index","follow":"follow","max-snippet":"max-snippet:-1","max-image-preview":"max-image-preview:large","max-video-preview":"max-video-preview:-1"},"canonical":"https:\/\/inofinstitut.com\/en\/dr-joan-giralt\/","og_locale":"en_US","og_type":"article","og_title":"Dr. Joan Giralt - Inof | Centro de investigaci\u00f3n y cirug\u00eda ocular","og_description":"[vc_row full_width=&#8221;stretch_row&#8221; min_height=&#8221;400&#8243; css=&#8221;.vc_custom_1508239857967{background-image: url(https:\/\/inofinstitut.com\/wp-content\/uploads\/2017\/08\/profesionales-de-inof.jpg?id=610) !important;background-position: center !important;background-repeat: no-repeat !important;background-size: cover !important;}&#8221; visibility=&#8221;visible-desktop&#8221;][vc_column][\/vc_column][\/vc_row][vc_row][vc_column][vc_empty_space height=&#8221;50px&#8221;][\/vc_column][\/vc_row][vc_row full_width=&#8221;stretch_row&#8221; column_spacing=&#8221;50&#8243;][vc_column width=&#8221;1\/4&#8243;][vc_single_image image=&#8221;4893&#8243; alignment=&#8221;left&#8221;][vc_empty_space height=&#8221;30px&#8221;][vc_column_text]Graduated in Medicine and Surgery from the Universitat Aut\u00f2noma de Barcelona, 1991. Specialized in Ophthalmology in London, United Kingdom, 1996.[\/vc_column_text][\/vc_column][vc_column width=&#8221;3\/4&#8243;][vc_column_text]Speciality Ophthalmologist. Specialist in cataract surgery, retinal and vitreous diseases and age-related macular degeneration. &nbsp; Career&hellip;","og_url":"https:\/\/inofinstitut.com\/en\/dr-joan-giralt\/","og_site_name":"Inof | Centro de investigaci\u00f3n y cirug\u00eda ocular","article_publisher":"https:\/\/www.facebook.com\/OftalmologiaINOF\/","article_modified_time":"2024-02-26T19:11:58+00:00","twitter_card":"summary_large_image","twitter_misc":{"Est. reading time":"2 minutes"},"schema":{"@context":"https:\/\/schema.org","@graph":[{"@type":"WebPage","@id":"https:\/\/inofinstitut.com\/en\/dr-joan-giralt\/","url":"https:\/\/inofinstitut.com\/en\/dr-joan-giralt\/","name":"Dr. Joan Giralt - Inof | Centro de investigaci\u00f3n y cirug\u00eda ocular","isPartOf":{"@id":"https:\/\/inofinstitut.com\/en\/#website"},"datePublished":"2024-02-26T18:41:45+00:00","dateModified":"2024-02-26T19:11:58+00:00","breadcrumb":{"@id":"https:\/\/inofinstitut.com\/en\/dr-joan-giralt\/#breadcrumb"},"inLanguage":"en-US","potentialAction":[{"@type":"ReadAction","target":["https:\/\/inofinstitut.com\/en\/dr-joan-giralt\/"]}]},{"@type":"BreadcrumbList","@id":"https:\/\/inofinstitut.com\/en\/dr-joan-giralt\/#breadcrumb","itemListElement":[{"@type":"ListItem","position":1,"name":"Portada","item":"https:\/\/inofinstitut.com\/en\/"},{"@type":"ListItem","position":2,"name":"Dr. Joan Giralt"}]},{"@type":"WebSite","@id":"https:\/\/inofinstitut.com\/en\/#website","url":"https:\/\/inofinstitut.com\/en\/","name":"Centro Inof | Dra. Fdez-Agrafojo","description":"Especialistas en estrabismo y oftalmolog\u00eda infantil","publisher":{"@id":"https:\/\/inofinstitut.com\/en\/#organization"},"potentialAction":[{"@type":"SearchAction","target":{"@type":"EntryPoint","urlTemplate":"https:\/\/inofinstitut.com\/en\/?s={search_term_string}"},"query-input":{"@type":"PropertyValueSpecification","valueRequired":true,"valueName":"search_term_string"}}],"inLanguage":"en-US"},{"@type":"Organization","@id":"https:\/\/inofinstitut.com\/en\/#organization","name":"Centro INOF de la Dra. Fdez-Agrafojo","url":"https:\/\/inofinstitut.com\/en\/","logo":{"@type":"ImageObject","inLanguage":"en-US","@id":"https:\/\/inofinstitut.com\/en\/#\/schema\/logo\/image\/","url":"https:\/\/inofinstitut.com\/wp-content\/uploads\/2018\/10\/logo-agrafojo.png","contentUrl":"https:\/\/inofinstitut.com\/wp-content\/uploads\/2018\/10\/logo-agrafojo.png","width":721,"height":332,"caption":"Centro INOF de la Dra. Fdez-Agrafojo"},"image":{"@id":"https:\/\/inofinstitut.com\/en\/#\/schema\/logo\/image\/"},"sameAs":["https:\/\/www.facebook.com\/OftalmologiaINOF\/","https:\/\/www.instagram.com\/inof_agrafojo\/","https:\/\/www.linkedin.com\/in\/dora-fern\u00e1ndez-agrafojo\/?ppe=1","https:\/\/www.youtube.com\/channel\/UCOK86vawyDB209S0-i8dFDg\/playlists"]}]}},"_links":{"self":[{"href":"https:\/\/inofinstitut.com\/en\/wp-json\/wp\/v2\/pages\/4900","targetHints":{"allow":["GET"]}}],"collection":[{"href":"https:\/\/inofinstitut.com\/en\/wp-json\/wp\/v2\/pages"}],"about":[{"href":"https:\/\/inofinstitut.com\/en\/wp-json\/wp\/v2\/types\/page"}],"author":[{"embeddable":true,"href":"https:\/\/inofinstitut.com\/en\/wp-json\/wp\/v2\/users\/6"}],"replies":[{"embeddable":true,"href":"https:\/\/inofinstitut.com\/en\/wp-json\/wp\/v2\/comments?post=4900"}],"version-history":[{"count":4,"href":"https:\/\/inofinstitut.com\/en\/wp-json\/wp\/v2\/pages\/4900\/revisions"}],"predecessor-version":[{"id":4906,"href":"https:\/\/inofinstitut.com\/en\/wp-json\/wp\/v2\/pages\/4900\/revisions\/4906"}],"wp:attachment":[{"href":"https:\/\/inofinstitut.com\/en\/wp-json\/wp\/v2\/media?parent=4900"}],"curies":[{"name":"wp","href":"https:\/\/api.w.org\/{rel}","templated":true}]}}